{"id":8683,"date":"2025-04-11T09:57:12","date_gmt":"2025-04-11T07:57:12","guid":{"rendered":"http:\/\/hubraum.k7mserv.de\/the-hubraum\/"},"modified":"2025-04-30T18:34:19","modified_gmt":"2025-04-30T16:34:19","slug":"the-hubraum","status":"publish","type":"page","link":"https:\/\/hubraum.k7mserv.de\/en\/the-hubraum\/","title":{"rendered":"The HUBRAUM"},"content":{"rendered":"\n<h1  data-animation-delay=\"0\" data-animation-duration=\".4\">\n\t\t\tWo Tradition und Exklusivit\u00e4t aufeinandertreffen\t<\/h1>\n\t\t\t<a href=\"https:\/\/hubraum.k7mserv.de\/en\/collection\/\" target=\"_self\">\n\t\t\t\t\t\t\tFahrzeuge entdecken\n\t\t\t<\/a>\n\t\t\t\t<img decoding=\"async\" src=\"http:\/\/hubraum.k7mserv.de\/wp-content\/uploads\/2025\/04\/RR-1.png\" alt=\"RR 1\" itemprop=\"image\" height=\"57\" width=\"44\" title=\"RR 1\" onerror=\"this.style.display='none'\" loading='lazy' \/>\n\t\t\t\t<img decoding=\"async\" src=\"http:\/\/hubraum.k7mserv.de\/wp-content\/uploads\/2025\/04\/Lamborghini-1.png\" alt=\"Lamborghini 1\" itemprop=\"image\" height=\"62\" width=\"58\" title=\"Lamborghini 1\" onerror=\"this.style.display='none'\" loading='lazy' \/>\n\t\t\t\t<img decoding=\"async\" src=\"http:\/\/hubraum.k7mserv.de\/wp-content\/uploads\/2025\/04\/McLaren-1.png\" alt=\"McLaren 1\" itemprop=\"image\" height=\"18\" width=\"98\" title=\"McLaren 1\" onerror=\"this.style.display='none'\" loading='lazy' \/>\n\t\t\t\t<img decoding=\"async\" src=\"http:\/\/hubraum.k7mserv.de\/wp-content\/uploads\/2025\/04\/Bentley-1.png\" alt=\"Bentley 1\" itemprop=\"image\" height=\"42\" width=\"126\" title=\"Bentley 1\" onerror=\"this.style.display='none'\" loading='lazy' \/>\n\t\t\t\t<img decoding=\"async\" src=\"http:\/\/hubraum.k7mserv.de\/wp-content\/uploads\/2025\/04\/amg.png\" alt=\"amg\" itemprop=\"image\" height=\"20\" width=\"191\" title=\"amg\" onerror=\"this.style.display='none'\" loading='lazy' \/>\n\t\t\t\t<img decoding=\"async\" src=\"http:\/\/hubraum.k7mserv.de\/wp-content\/uploads\/2025\/04\/Ferrari-1.png\" alt=\"Ferrari 1\" itemprop=\"image\" height=\"62\" width=\"77\" title=\"Ferrari 1\" onerror=\"this.style.display='none'\" loading='lazy' \/>\n\t\t\t\t<img decoding=\"async\" src=\"http:\/\/hubraum.k7mserv.de\/wp-content\/uploads\/2025\/04\/Aston-Martin-1.png\" alt=\"Aston Martin 1\" itemprop=\"image\" height=\"35\" width=\"142\" title=\"Aston Martin 1\" onerror=\"this.style.display='none'\" loading='lazy' \/>\n\t\t\t\t<img decoding=\"async\" src=\"http:\/\/hubraum.k7mserv.de\/wp-content\/uploads\/2025\/04\/Audi-1.png\" alt=\"Audi 1\" itemprop=\"image\" height=\"25\" width=\"67\" title=\"Audi 1\" onerror=\"this.style.display='none'\" loading='lazy' \/>\n\t\t\t\t<img decoding=\"async\" src=\"http:\/\/hubraum.k7mserv.de\/wp-content\/uploads\/2025\/04\/Bmw-1.png\" alt=\"Bmw 1\" itemprop=\"image\" height=\"57\" width=\"71\" title=\"Bmw 1\" onerror=\"this.style.display='none'\" loading='lazy' \/>\n\t\t\t\t<img decoding=\"async\" src=\"http:\/\/hubraum.k7mserv.de\/wp-content\/uploads\/2025\/04\/Bugatti-1-1.png\" alt=\"Bugatti 1\" itemprop=\"image\" height=\"19\" width=\"71\" title=\"Bugatti 1\" onerror=\"this.style.display='none'\" loading='lazy' \/>\n\t\t\t\t<img decoding=\"async\" src=\"http:\/\/hubraum.k7mserv.de\/wp-content\/uploads\/2025\/04\/Maserati-1.png\" alt=\"Maserati 1\" itemprop=\"image\" height=\"45\" width=\"107\" title=\"Maserati 1\" onerror=\"this.style.display='none'\" loading='lazy' \/>\n\t\t\t\t<img decoding=\"async\" src=\"http:\/\/hubraum.k7mserv.de\/wp-content\/uploads\/2025\/04\/Mercedes-1.png\" alt=\"Mercedes 1\" itemprop=\"image\" height=\"58\" width=\"72\" title=\"Mercedes 1\" onerror=\"this.style.display='none'\" loading='lazy' \/>\n\t\t\t\t<img decoding=\"async\" src=\"http:\/\/hubraum.k7mserv.de\/wp-content\/uploads\/2025\/04\/Porsche-1.png\" alt=\"Porsche 1\" itemprop=\"image\" height=\"9\" width=\"110\" title=\"Porsche 1\" onerror=\"this.style.display='none'\" loading='lazy' \/>\n<h2  data-animation-delay=\"0\" data-animation-duration=\".4\">\n\t\t\tHUBRAUM bietet die exklusivsten Fahrzeuge des traditionsreichen Autohauses Rindt &#038; Gaida\t<\/h2>\n\t<p>Das familiengef\u00fchrte Autohaus Rindt &amp; Gaida ist mehrfach als Deutschlands f\u00fchrendes Autohaus ausgezeichnet und steht seit Jahrzehnten f\u00fcr erstklassigen Service und h\u00f6chste Qualit\u00e4t. Was einst als kleiner Familienbetrieb begann, hat sich \u00fcber die Jahre zu einer etablierten Anlaufstelle f\u00fcr Automobilexperten und Enthusiasten entwickelt.<\/p>\n\t\t\t\t<img decoding=\"async\" src=\"http:\/\/hubraum.k7mserv.de\/wp-content\/uploads\/2025\/04\/Hubraum_Mitarbeiter.png\" alt=\"Hubraum_Mitarbeiter\" itemprop=\"image\" height=\"1024\" width=\"1024\" title=\"Hubraum_Mitarbeiter\" onerror=\"this.style.display='none'\" loading='lazy' \/>\n<h3>\n\t\t\tUnser Herz schl\u00e4gt f\u00fcr Oldtimer, Youngtimer, Luxusautos und Sportwagen &#8211; eben all jene Modelle, die Geschichte schreiben.\t<\/h3>\n\t<p>Dabei setzen wir weiterhin auf die Werte von Rindt &amp; Gaida: pers\u00f6nlicher Kundenservice, kompromisslose Qualit\u00e4t und ehrliche Beratung.\u2028\u2028So schaffen wir ein Umfeld, in dem Sie nicht nur ein Fahrzeug erwerben, sondern Teil einer Tradition werden, die Exklusivit\u00e4t und Verl\u00e4sslichkeit miteinander verbindet. Denn bei HUBRAUM stehen Tradition und Zukunftswert im Einklang &#8211; f\u00fcr alle, die das Besondere suchen.<\/p>\n\t\t\t<a href=\"\" target=\"_self\">\n\t\t\t\t\t\t\tJetzt erleben\n\t\t\t<\/a>\n<h2  data-animation-delay=\"0\" data-animation-duration=\".4\">\n\t\t\tWillkommen im HUBRAUM-Club \t<\/h2>\n<h3>\n\t\t\tWo Ihre automobilen W\u00fcnsche Wirklichkeit werden\t<\/h3>\n\t\t\t\t<img decoding=\"async\" src=\"http:\/\/hubraum.k7mserv.de\/wp-content\/uploads\/2025\/04\/Icon-1.png\" alt=\"Icon\" itemprop=\"image\" height=\"140\" width=\"140\" title=\"Icon\" onerror=\"this.style.display='none'\" loading='lazy' \/>\n<h3>\n\t\t\tExzellente Qualit\u00e4t &#038; Sicherheit\t<\/h3>\n\t<p>Jedes Fahrzeug von Experten gepr\u00fcft und inklusive Gebrauchtwagengarantie, unterst\u00fctzt vom mehrfach ausgezeichneten Autohaus Rindt &amp; Gaida.<\/p>\n\t\t\t\t<img decoding=\"async\" src=\"http:\/\/hubraum.k7mserv.de\/wp-content\/uploads\/2025\/04\/Icon2.png\" alt=\"Icon2\" itemprop=\"image\" height=\"140\" width=\"140\" title=\"Icon2\" onerror=\"this.style.display='none'\" loading='lazy' \/>\n<h3>\n\t\t\tUmfassender Rundum-Service\t<\/h3>\n\t<p>Finanzierung, Wunschkennzeichen, Zulassung, Inspektionen und Werterhaltungsservice, alles aus einer Hand &#8211; f\u00fcr ein sorgenfreies Kauferlebnis.<\/p>\n\t\t\t\t<img decoding=\"async\" src=\"http:\/\/hubraum.k7mserv.de\/wp-content\/uploads\/2025\/04\/Icon4.png\" alt=\"Icon4\" itemprop=\"image\" height=\"140\" width=\"140\" title=\"Icon4\" onerror=\"this.style.display='none'\" loading='lazy' \/>\n<h3>\n\t\t\tInternationale Flexibilit\u00e4t\t<\/h3>\n\t<p>Ma\u00dfgeschneiderte Transporte weltweit, ob auf der Stra\u00dfe, per Flugzeug oder Schiff &#8211; inklusive Import-, Export- und Zollabwicklung<\/p>\n\t\t\t\t<img decoding=\"async\" src=\"http:\/\/hubraum.k7mserv.de\/wp-content\/uploads\/2025\/04\/Icon3.png\" alt=\"Icon3\" itemprop=\"image\" height=\"140\" width=\"140\" title=\"Icon3\" onerror=\"this.style.display='none'\" loading='lazy' \/>\n<h3>\n\t\t\tProfessionelle Vermarktung\t<\/h3>\n\t<p>Diskrete und professionelle Vermarktung von Nachl\u00e4ssen und Sammlungsaufl\u00f6sungen, inkl. Erstellung von Gutachten und Vollabnahmen<\/p>\n<h3>\n\t\t\tMit dem Kauf eines Fahrzeugs bei HUBRAUM erhalten Sie nicht nur ein herausragendes Automobil, sondern werden Teil des exklusiven HUBRAUM-Clubs.\t<\/h3>\n\t<p>Hier genie\u00dfen Sie das vollumf\u00e4ngliche HUBRAUM Qualit\u00e4tsversprechen: Jedes Fahrzeug wird von unseren Experten umfassend gepr\u00fcft und inklusive Gebrauchtwagengarantie angeboten. Zus\u00e4tzlich profitieren Sie von unserem direkten Service beim Autohaus Rindt &amp; Gaida, welches mehrfach als einer der besten Autoh\u00e4ndler Deutschlands ausgezeichnet wurde.<\/p>\n<h2>\n\t\t\tWerterhalt f\u00fcr Oldtimer, Youngtimer, Luxusautos und Sportwagen leicht gemacht\t<\/h2>\n<h3>\n\t\t\tGemeinsam mit ausgew\u00e4hlten HUBRAUM-Partnern bieten wir Ihnen L\u00f6sungen f\u00fcr lebenslange Freude mit Ihrem Traumfahrzeug.\t<\/h3>\n\t<p>Jedes Fahrzeug wird von Experten gepr\u00fcft und kann beim mehrfach ausgezeichneten Autohaus Rindt &#038; Gaida gewartet werden. Dazu erhalten Sie bei HUBRAUM alles aus einer Hand, was Ihr Traumfahrzeug besonders macht. Ob Finanzierung, Wunschkennzeichen, Zulassung, Inspektionen oder spezielle Werterhaltungs\u00adservices wie Hohlraum\u2011 und Unterboden\u00adversiegelung oder Trockeneisstrahlen; bei uns steht Ihr Fahrzeug an erster Stelle.<\/p>\n\t\t\t\t<img decoding=\"async\" src=\"http:\/\/hubraum.k7mserv.de\/wp-content\/uploads\/2025\/04\/pexels-a-darmel-7641990-1.png\" alt=\"pexels-a-darmel-7641990 1\" itemprop=\"image\" height=\"388\" width=\"322\" title=\"pexels-a-darmel-7641990 1\" onerror=\"this.style.display='none'\" loading='lazy' \/>\n\t\t\t\t<img decoding=\"async\" src=\"http:\/\/hubraum.k7mserv.de\/wp-content\/uploads\/2025\/04\/pexels-harrisonhaines-2834653-1.png\" alt=\"pexels-harrisonhaines-2834653 1\" itemprop=\"image\" height=\"477\" width=\"316\" title=\"pexels-harrisonhaines-2834653 1\" onerror=\"this.style.display='none'\" loading='lazy' \/>\n\t\t\t\t<img decoding=\"async\" src=\"http:\/\/hubraum.k7mserv.de\/wp-content\/uploads\/2025\/04\/pexels-bulat843-prayfor843-tg-1243575272-31390691-1.png\" alt=\"pexels-bulat843-prayfor843-tg-1243575272-31390691 1\" itemprop=\"image\" height=\"453\" width=\"324\" title=\"pexels-bulat843-prayfor843-tg-1243575272-31390691 1\" onerror=\"this.style.display='none'\" loading='lazy' \/>\n\t\t\t\t<img decoding=\"async\" src=\"http:\/\/hubraum.k7mserv.de\/wp-content\/uploads\/2025\/04\/image-1.png\" alt=\"image 1\" itemprop=\"image\" height=\"290\" width=\"393\" title=\"image 1\" onerror=\"this.style.display='none'\" loading='lazy' \/>\n\n","protected":false},"excerpt":{"rendered":"<p>Wo Tradition und Exklusivit\u00e4t aufeinandertreffen Fahrzeuge entdecken HUBRAUM bietet die exklusivsten Fahrzeuge des traditionsreichen Autohauses Rindt &#038; Gaida Das familiengef\u00fchrte Autohaus Rindt &amp; Gaida ist mehrfach als Deutschlands f\u00fchrendes Autohaus ausgezeichnet und steht seit Jahrzehnten f\u00fcr erstklassigen Service und h\u00f6chste Qualit\u00e4t. Was einst als kleiner Familienbetrieb begann, hat sich \u00fcber die Jahre zu einer etablierten&hellip;<\/p>\n","protected":false},"author":1,"featured_media":0,"parent":0,"menu_order":0,"comment_status":"closed","ping_status":"closed","template":"","meta":{"_acf_changed":false,"footnotes":""},"class_list":["post-8683","page","type-page","status-publish","hentry"],"acf":[],"_links":{"self":[{"href":"https:\/\/hubraum.k7mserv.de\/en\/wp-json\/wp\/v2\/pages\/8683","targetHints":{"allow":["GET"]}}],"collection":[{"href":"https:\/\/hubraum.k7mserv.de\/en\/wp-json\/wp\/v2\/pages"}],"about":[{"href":"https:\/\/hubraum.k7mserv.de\/en\/wp-json\/wp\/v2\/types\/page"}],"author":[{"embeddable":true,"href":"https:\/\/hubraum.k7mserv.de\/en\/wp-json\/wp\/v2\/users\/1"}],"replies":[{"embeddable":true,"href":"https:\/\/hubraum.k7mserv.de\/en\/wp-json\/wp\/v2\/comments?post=8683"}],"version-history":[{"count":2,"href":"https:\/\/hubraum.k7mserv.de\/en\/wp-json\/wp\/v2\/pages\/8683\/revisions"}],"predecessor-version":[{"id":8738,"href":"https:\/\/hubraum.k7mserv.de\/en\/wp-json\/wp\/v2\/pages\/8683\/revisions\/8738"}],"wp:attachment":[{"href":"https:\/\/hubraum.k7mserv.de\/en\/wp-json\/wp\/v2\/media?parent=8683"}],"curies":[{"name":"wp","href":"https:\/\/api.w.org\/{rel}","templated":true}]}}