{"id":8691,"date":"2025-04-11T10:31:16","date_gmt":"2025-04-11T08:31:16","guid":{"rendered":"http:\/\/hubraum.k7mserv.de\/collection\/"},"modified":"2025-04-30T18:38:49","modified_gmt":"2025-04-30T16:38:49","slug":"collection","status":"publish","type":"page","link":"https:\/\/hubraum.k7mserv.de\/en\/collection\/","title":{"rendered":"Collection"},"content":{"rendered":"\n<h1  data-animation-delay=\"0\" data-animation-duration=\".4\">\n\t\t\tUnser Fahrzeugmarkt &#8211; Exklusiv, wertstabil und vielseitig\t<\/h1>\n\t<p>In unserem Fahrzeugmarkt entdecken Sie eine erlesene Auswahl an gebrauchten Luxusfahrzeugen &#8211; von Oldtimern und Youngtimern bis hin zu Sportwagen und hochklassigen Limousinen. Wir sind Ihr verl\u00e4sslicher Oldtimer H\u00e4ndler, der Sie kompetent durch den gesamten Prozess begleitet. Ob Sie einen Oldtimer kaufen m\u00f6chten oder auf der Suche nach einem g\u00fcnstigen Sportwagen sind: Bei uns finden Sie nicht nur faire Preise, sondern auch umfassende Expertise.<\/p>\n\t\t\t<a href=\"#fahrzeuge\" target=\"_self\">\n\t\t\t\t\t\t\tJetzt Fahrzeuge entdecken\n\t\t\t<\/a>\n<h2  data-animation-delay=\"0\" data-animation-duration=\".4\">\n\t\t\tAktuelle Fahrzeuge im Angebot\t<\/h2>\n\t<ul>\n\t\t<li  data-children-wrapper=\"true\"><\/li><li  data-children-wrapper=\"true\"><\/li>\t<\/ul>\n    Kaufpreis\n    <h3>\n        <\/h3>\n                Leistung\n                <strong><\/strong>\n                Getriebe\n                <strong><\/strong>\n                Farbe\/Lack\n                <strong><\/strong>\n                Interieur\n                <strong><\/strong>\n                Fahrzeugaufbau\n                <strong><\/strong>\n                    Kilometerstand\n<strong> km<\/strong>\n\t\t\t<a href=\"\" target=\"_self\">\n\t\t\t\t\t\t\tMehr erfahren\n\t\t\t<\/a>\n<h2  data-animation-delay=\"0\" data-animation-duration=\".4\">\n\t\t\tNichts gefunden?\t<\/h2>\n<p>Sie suchen ein bestimmtes Modell, das wir gerade nicht im Bestand haben? Unser erfahrenes Expertennetzwerk findet f\u00fcr Sie auch seltene Oldtimer, begehrte Youngtimer und exklusive Sportwagen.<\/p>\n\t\t\t<a href=\"https:\/\/hubraum.k7mserv.de\/en\/contact\/\" target=\"_self\">\n\t\t\t\t\t\t\tSuchauftrag starten\n\t\t\t<\/a>\n\n","protected":false},"excerpt":{"rendered":"<p>Unser Fahrzeugmarkt &#8211; Exklusiv, wertstabil und vielseitig In unserem Fahrzeugmarkt entdecken Sie eine erlesene Auswahl an gebrauchten Luxusfahrzeugen &#8211; von Oldtimern und Youngtimern bis hin zu Sportwagen und hochklassigen Limousinen. Wir sind Ihr verl\u00e4sslicher Oldtimer H\u00e4ndler, der Sie kompetent durch den gesamten Prozess begleitet. Ob Sie einen Oldtimer kaufen m\u00f6chten oder auf der Suche nach&hellip;<\/p>\n","protected":false},"author":1,"featured_media":0,"parent":0,"menu_order":0,"comment_status":"closed","ping_status":"closed","template":"","meta":{"_acf_changed":false,"footnotes":""},"class_list":["post-8691","page","type-page","status-publish","hentry"],"acf":[],"_links":{"self":[{"href":"https:\/\/hubraum.k7mserv.de\/en\/wp-json\/wp\/v2\/pages\/8691","targetHints":{"allow":["GET"]}}],"collection":[{"href":"https:\/\/hubraum.k7mserv.de\/en\/wp-json\/wp\/v2\/pages"}],"about":[{"href":"https:\/\/hubraum.k7mserv.de\/en\/wp-json\/wp\/v2\/types\/page"}],"author":[{"embeddable":true,"href":"https:\/\/hubraum.k7mserv.de\/en\/wp-json\/wp\/v2\/users\/1"}],"replies":[{"embeddable":true,"href":"https:\/\/hubraum.k7mserv.de\/en\/wp-json\/wp\/v2\/comments?post=8691"}],"version-history":[{"count":3,"href":"https:\/\/hubraum.k7mserv.de\/en\/wp-json\/wp\/v2\/pages\/8691\/revisions"}],"predecessor-version":[{"id":8739,"href":"https:\/\/hubraum.k7mserv.de\/en\/wp-json\/wp\/v2\/pages\/8691\/revisions\/8739"}],"wp:attachment":[{"href":"https:\/\/hubraum.k7mserv.de\/en\/wp-json\/wp\/v2\/media?parent=8691"}],"curies":[{"name":"wp","href":"https:\/\/api.w.org\/{rel}","templated":true}]}}